{"id":27,"date":"2015-11-07T11:40:53","date_gmt":"2015-11-07T10:40:53","guid":{"rendered":"http:\/\/lespartageurs.bzh\/?page_id=27"},"modified":"2016-09-29T11:29:56","modified_gmt":"2016-09-29T10:29:56","slug":"partageotheque","status":"publish","type":"page","link":"https:\/\/lespartageurs.bzh\/index.php\/partageotheque\/","title":{"rendered":"Partageoth\u00e8que"},"content":{"rendered":"<p><a href=\"http:\/\/lespartageurs.bzh\/wp-content\/uploads\/2015\/11\/share-economy.jpg\"><img loading=\"lazy\" class=\"wp-image-25 alignleft\" src=\"http:\/\/lespartageurs.bzh\/wp-content\/uploads\/2015\/11\/share-economy-300x150.jpg\" alt=\"share-economy\" width=\"332\" height=\"166\" srcset=\"https:\/\/lespartageurs.bzh\/wp-content\/uploads\/2015\/11\/share-economy-300x150.jpg 300w, https:\/\/lespartageurs.bzh\/wp-content\/uploads\/2015\/11\/share-economy.jpg 591w\" sizes=\"(max-width: 332px) 100vw, 332px\" \/><\/a><\/p>\n<p style=\"text-align: justify;\"><big><span style=\"font-weight: 400;\">La partageoth\u00e8que, qu&#8217;est ce que c&#8217;est?<\/span><\/big><\/p>\n<p style=\"text-align: justify;\"><span style=\"font-weight: 400;\">Il s\u2019agit d\u2019un catalogue de biens et de mat\u00e9riels divers que les partageurs se pr\u00eatent entre eux.\u00a0<\/span><span style=\"font-weight: 400;\">Ce\u00a0dispositif\u00a0est n\u00e9 pour offrir aux Partageurs la possibilit\u00e9 d\u2019utiliser librement le petit mat\u00e9riel que l\u2019on poss\u00e8de tous chez soi, mais qui nous sert si peu souvent: un appareil \u00e0 raclette, une perceuse, une tondeuse, etc. Tous ces accessoires sont parfois d\u2019un grand secours, mais souvent co\u00fbteux, \u00e0 moins d\u2019acheter de la mauvaise qualit\u00e9 qu\u2019il faudra renouveler souvent. La Partageoth\u00e8que permet \u00e0 chacun de profiter des biens\u00a0d\u00e9j\u00e0 achet\u00e9s par les autres partageurs. A l&#8217;instar d&#8217;une biblioth\u00e8que, l&#8217;ensemble des objets disponibles est accessible dans les rayonnages de notre tableur, rang\u00e9 par cat\u00e9gorie.<\/span><\/p>\n<p><span style=\"color: #333333; font-family: DDG_ProximaNova, DDG_ProximaNova_UI_0, DDG_ProximaNova_UI_1, DDG_ProximaNova_UI_2, DDG_ProximaNova_UI_3, DDG_ProximaNova_UI_4, DDG_ProximaNova_UI_5, DDG_ProximaNova_UI_6, 'Proxima Nova', 'Helvetica Neue', Helvetica, 'Segoe UI', 'Nimbus Sans L', 'Liberation Sans', 'Open Sans', FreeSans, Arial, sans-serif; font-size: 14.4px; line-height: 23.04px; background-color: #f7f7f7;\">\u00a0<\/span><\/p>\n","protected":false},"excerpt":{"rendered":"<p>La partageoth\u00e8que, qu&#8217;est ce que c&#8217;est? Il s\u2019agit d\u2019un catalogue de biens et de mat\u00e9riels divers que les partageurs se pr\u00eatent entre eux.\u00a0Ce\u00a0dispositif\u00a0est n\u00e9 pour offrir aux Partageurs la possibilit\u00e9 d\u2019utiliser librement le petit mat\u00e9riel que l\u2019on poss\u00e8de tous chez soi, mais qui nous sert si peu souvent: un appareil \u00e0 raclette, une perceuse, une<br \/><a class=\"moretag\" href=\"https:\/\/lespartageurs.bzh\/index.php\/partageotheque\/\">+ Read More<\/a><\/p>\n","protected":false},"author":1,"featured_media":0,"parent":0,"menu_order":0,"comment_status":"closed","ping_status":"closed","template":"","meta":[],"_links":{"self":[{"href":"https:\/\/lespartageurs.bzh\/index.php\/wp-json\/wp\/v2\/pages\/27"}],"collection":[{"href":"https:\/\/lespartageurs.bzh\/index.php\/wp-json\/wp\/v2\/pages"}],"about":[{"href":"https:\/\/lespartageurs.bzh\/index.php\/wp-json\/wp\/v2\/types\/page"}],"author":[{"embeddable":true,"href":"https:\/\/lespartageurs.bzh\/index.php\/wp-json\/wp\/v2\/users\/1"}],"replies":[{"embeddable":true,"href":"https:\/\/lespartageurs.bzh\/index.php\/wp-json\/wp\/v2\/comments?post=27"}],"version-history":[{"count":8,"href":"https:\/\/lespartageurs.bzh\/index.php\/wp-json\/wp\/v2\/pages\/27\/revisions"}],"predecessor-version":[{"id":134,"href":"https:\/\/lespartageurs.bzh\/index.php\/wp-json\/wp\/v2\/pages\/27\/revisions\/134"}],"wp:attachment":[{"href":"https:\/\/lespartageurs.bzh\/index.php\/wp-json\/wp\/v2\/media?parent=27"}],"curies":[{"name":"wp","href":"https:\/\/api.w.org\/{rel}","templated":true}]}}